{"id":5264,"date":"2025-02-04T16:38:12","date_gmt":"2025-02-04T09:38:12","guid":{"rendered":"https:\/\/loriot.com.vn\/?post_type=product&#038;p=5264"},"modified":"2025-08-27T08:51:45","modified_gmt":"2025-08-27T01:51:45","slug":"qiii-sm","status":"publish","type":"product","link":"https:\/\/loriot.com.vn\/vi\/product\/qiii-sm\/","title":{"rendered":"M\u00e1y QIII SM\u2122"},"content":{"rendered":"<h3><span style=\"font-size: 12pt;\">M\u00e1y QIII SM\u2122 \u2013 M\u00e1y ph\u00e1t hi\u1ec7n h\u1ea1t b\u1ec1 m\u1eb7t 0.3-10\u00b5m<\/span><\/h3>\n<h3><span style=\"font-size: 12pt;\"><strong>N\u00e2ng cao n\u0103ng su\u1ea5t v\u1edbi c\u00f4ng ngh\u1ec7 ti\u00ean ti\u1ebfn<\/strong><\/span><\/h3>\n<p><span style=\"font-size: 12pt;\"><strong>M\u00e1y QIII SM\u2122<\/strong> l\u00e0 thi\u1ebft b\u1ecb ph\u00e1t hi\u1ec7n h\u1ea1t b\u1ec1 m\u1eb7t ti\u00ean ti\u1ebfn thu\u1ed9c d\u00f2ng s\u1ea3n ph\u1ea9m c\u1ee7a <strong>Pentagon Technologies<\/strong>, \u0111\u01b0\u1ee3c thi\u1ebft k\u1ebf \u0111\u1ec3 \u0111o l\u01b0\u1eddng v\u00e0 ki\u1ec3m so\u00e1t \u00f4 nhi\u1ec5m b\u1ec1 m\u1eb7t trong c\u00e1c ng\u00e0nh c\u00f4ng nghi\u1ec7p c\u00f4ng ngh\u1ec7 cao.<\/span><\/p>\n<p><span style=\"font-size: 12pt;\">C\u00e1c h\u1ea1t b\u1ee5i t\u00edch t\u1ee5 tr\u00ean b\u1ec1 m\u1eb7t quan tr\u1ecdng ho\u1eb7c s\u1ea3n ph\u1ea9m c\u00f3 th\u1ec3 l\u00e0m gi\u1ea3m hi\u1ec7u su\u1ea5t v\u00e0 \u0111\u1ed9 tin c\u1eady. \u0110\u1ec3 \u0111\u1ea3m b\u1ea3o hi\u1ec7u qu\u1ea3 t\u1ed1i \u01b0u trong s\u1ea3n xu\u1ea5t y\u00eau c\u1ea7u \u0111\u1ed9 s\u1ea1ch cao, c\u1ea7n c\u00f3 m\u1ed9t th\u01b0\u1edbc \u0111o ch\u00ednh x\u00e1c cho m\u1ee9c \u0111\u1ed9 \u00f4 nhi\u1ec5m b\u1ec1 m\u1eb7t.<\/span><\/p>\n<p><span style=\"font-size: 12pt;\">V\u1edbi c\u00f4ng ngh\u1ec7 giao di\u1ec7n ti\u00ean ti\u1ebfn v\u00e0 \u0111\u01b0\u1ee3c c\u1ea5p b\u1eb1ng s\u00e1ng ch\u1ebf, <strong>QIII SM\u2122<\/strong> gi\u00fap gi\u1ea3i ph\u00f3ng h\u1ea1t b\u00e1m d\u00ednh v\u00e0 d\u1eabn ch\u00fang qua b\u1ed9 ph\u00e1t hi\u1ec7n h\u1ea1t. Nh\u1edd \u0111\u00f3, doanh nghi\u1ec7p c\u00f3 th\u1ec3 nhanh ch\u00f3ng ph\u00e1t hi\u1ec7n v\u00e0 lo\u1ea1i b\u1ecf c\u00e1c h\u1ea1t g\u00e2y \u1ea3nh h\u01b0\u1edfng \u0111\u1ebfn n\u0103ng su\u1ea5t v\u00e0 chi ph\u00ed v\u1eadn h\u00e0nh.<\/span><\/p>\n<h2><span style=\"font-size: 12pt;\"><strong>L\u1ee3i \u00edch v\u01b0\u1ee3t tr\u1ed9i c\u1ee7a QIII SM\u2122<\/strong><\/span><\/h2>\n<ul>\n<li><span style=\"font-size: 12pt;\"><strong>\u0110o l\u01b0\u1eddng t\u1ee9c th\u00ec:<\/strong> Ph\u00e1t hi\u1ec7n h\u1ea1t b\u1ec1 m\u1eb7t ngay l\u1eadp t\u1ee9c, gi\u00fap ki\u1ec3m so\u00e1t ch\u1ea5t l\u01b0\u1ee3ng hi\u1ec7u qu\u1ea3.<\/span><\/li>\n<li><span style=\"font-size: 12pt;\"><strong>C\u1ea3i thi\u1ec7n hi\u1ec7u su\u1ea5t s\u1ea3n xu\u1ea5t:<\/strong> Gi\u1ea3m thi\u1ec3u h\u1ea1t b\u1ee5i \u0111\u1ec3 t\u0103ng t\u1ef7 l\u1ec7 th\u00e0nh ph\u1ea9m \u0111\u1ea1t chu\u1ea9n.<\/span><\/li>\n<li><span style=\"font-size: 12pt;\"><strong>Gi\u1ea3m th\u1eddi gian x\u1eed l\u00fd s\u1ef1 c\u1ed1:<\/strong> X\u00e1c \u0111\u1ecbnh nhanh ch\u00f3ng ngu\u1ed3n g\u1ed1c h\u1ea1t g\u00e2y \u00f4 nhi\u1ec5m.<\/span><\/li>\n<li><span style=\"font-size: 12pt;\"><strong>Gi\u00e1m s\u00e1t m\u1eadt \u0111\u1ed9 h\u1ea1t:<\/strong> Ki\u1ec3m so\u00e1t m\u1ee9c \u0111\u1ed9 \u00f4 nhi\u1ec5m tr\u00ean v\u1eadt li\u1ec7u \u0111\u1ea7u v\u00e0o v\u00e0 \u0111\u1ea7u ra.<\/span><\/li>\n<li><span style=\"font-size: 12pt;\"><strong>H\u1ed7 tr\u1ee3 c\u1ea3i ti\u1ebfn li\u00ean t\u1ee5c:<\/strong> X\u00e2y d\u1ef1ng ti\u00eau chu\u1ea9n s\u1ea1ch cho b\u1ec1 m\u1eb7t \u0111\u1ec3 duy tr\u00ec ch\u1ea5t l\u01b0\u1ee3ng.<\/span><\/li>\n<li><span style=\"font-size: 12pt;\"><strong>Tu\u00e2n th\u1ee7 ti\u00eau chu\u1ea9n ISO 14644-9:<\/strong> \u0110\u1ea3m b\u1ea3o \u0111\u1ed9 s\u1ea1ch theo quy chu\u1ea9n qu\u1ed1c t\u1ebf.<\/span><\/li>\n<li><span style=\"font-size: 12pt;\"><strong>T\u00edch h\u1ee3p d\u1eef li\u1ec7u v\u00e0o h\u1ec7 th\u1ed1ng SPC:<\/strong> H\u1ed7 tr\u1ee3 ph\u00e2n t\u00edch v\u00e0 ki\u1ec3m so\u00e1t quy tr\u00ecnh s\u1ea3n xu\u1ea5t.<\/span><\/li>\n<li><span style=\"font-size: 12pt;\"><strong>Ch\u1ebf \u0111\u1ed9 BKM:<\/strong> \u0110\u1ea3m b\u1ea3o \u0111\u1ed9 ch\u00ednh x\u00e1c v\u00e0 nh\u1ea5t qu\u00e1n trong \u0111o l\u01b0\u1eddng.<\/span><\/li>\n<li><span style=\"font-size: 12pt;\"><strong>T\u00f9y ch\u1ecdn ph\u00e2n t\u00edch h\u1ea1t:<\/strong> Thu th\u1eadp v\u00e0 ph\u00e2n t\u00edch h\u1ea1t \u0111\u1ec3 c\u1ea3i thi\u1ec7n ch\u1ea5t l\u01b0\u1ee3ng s\u1ea3n ph\u1ea9m.<\/span><\/li>\n<li><span style=\"font-size: 12pt;\"><strong>Tu\u00e2n th\u1ee7 21 CFR Ph\u1ea7n 11:<\/strong> Ph\u00f9 h\u1ee3p v\u1edbi \u1ee9ng d\u1ee5ng trong ng\u00e0nh khoa h\u1ecdc \u0111\u1eddi s\u1ed1ng.<\/span><\/li>\n<\/ul>\n<h2><span style=\"font-size: 12pt;\"><strong>Th\u00f4ng s\u1ed1 k\u1ef9 thu\u1eadt chi ti\u1ebft<\/strong><\/span><\/h2>\n<ul>\n<li><span style=\"font-size: 12pt;\"><strong>D\u1ea3i nh\u1ea1y c\u1ea3m h\u1ea1t:<\/strong> 0.3\u00b5m &#8211; 10\u00b5m<\/span><\/li>\n<li><span style=\"font-size: 12pt;\"><strong>K\u00eanh \u0111o:<\/strong> 0.3, 0.5, 1.0, 3.0, 5.0, 10.0\u00b5m<\/span><\/li>\n<li><span style=\"font-size: 12pt;\"><strong>C\u1ea3m bi\u1ebfn:<\/strong> Diode Laser<\/span><\/li>\n<li><span style=\"font-size: 12pt;\"><strong>K\u00edch th\u01b0\u1edbc &amp; Tr\u1ecdng l\u01b0\u1ee3ng:<\/strong> 12\u201d W \u00d7 10.5\u201d D \u00d7 9\u201d H, 18.5 lbs<\/span><\/li>\n<li><span style=\"font-size: 12pt;\"><strong>Pin:<\/strong> (2) Lithium Ion, c\u00f3 th\u1ec3 thay n\u00f3ng<\/span><\/li>\n<li><span style=\"font-size: 12pt;\"><strong>M\u00e0n h\u00ecnh:<\/strong> C\u1ea3m \u1ee9ng 7\u201d WVGA, giao di\u1ec7n k\u00edn, h\u1ed7 tr\u1ee3 thu ph\u00f3ng<\/span><\/li>\n<li><span style=\"font-size: 12pt;\"><strong>\u0110\u01a1n v\u1ecb d\u1eef li\u1ec7u:<\/strong> M\u1eadt \u0111\u1ed9 h\u1ea1t v\u00e0 s\u1ed1 l\u01b0\u1ee3ng th\u00f4<\/span><\/li>\n<li><span style=\"font-size: 12pt;\"><strong>Giao di\u1ec7n ng\u01b0\u1eddi d\u00f9ng:<\/strong> Ch\u1ebf \u0111\u1ed9 ph\u00e2n t\u00edch d\u1eef li\u1ec7u gi\u00fap t\u00ednh trung b\u00ecnh c\u00e1c ph\u00e9p \u0111o h\u1ea1t b\u1ec1 m\u1eb7t<\/span><\/li>\n<li><span style=\"font-size: 12pt;\"><strong>\u0110\u1ea7u ra d\u1eef li\u1ec7u:<\/strong> C\u1ed5ng USB, Ethernet, t\u00f9y ch\u1ecdn WiFi<\/span><\/li>\n<li><span style=\"font-size: 12pt;\"><strong>\u0110\u1ea7u d\u00f2 \u0111i k\u00e8m:<\/strong> \u0110\u1ea7u d\u00f2 g\u00f3c ph\u1ea3i \u00bd\u201d<\/span><\/li>\n<li><span style=\"font-size: 12pt;\"><strong>T\u00f9y ch\u1ecdn l\u00e0m s\u1ea1ch:<\/strong> B\u1ed9 l\u1ecdc l\u00e0m s\u1ea1ch \u0111\u1ec3 \u0111\u1eb7t l\u1ea1i s\u1ed1 \u0111\u1ebfm v\u1ec1 0 v\u00e0 ch\u1ee9c n\u0103ng l\u00e0m s\u1ea1ch \u0111\u1ea7u d\u00f2<\/span><\/li>\n<li><span style=\"font-size: 12pt;\"><strong>Ch\u1ebf \u0111\u1ed9 t\u1ef1 l\u00e0m s\u1ea1ch:<\/strong> T\u0103ng 50% l\u01b0u l\u01b0\u1ee3ng kh\u00ed \u0111\u1ec3 lo\u1ea1i b\u1ecf h\u1ea1t b\u00e1m d\u00ednh<\/span><\/li>\n<li><span style=\"font-size: 12pt;\"><strong>Ngu\u1ed3n \u0111i\u1ec7n \u0111\u1ea7u v\u00e0o:<\/strong> 100-240 VAC, 50\/60 Hz<\/span><\/li>\n<li><span style=\"font-size: 12pt;\"><strong>Ch\u1ebf \u0111\u1ed9 l\u1ea5y m\u1eabu:<\/strong> T\u0129nh v\u00e0 \u0111\u1ed9ng<\/span><\/li>\n<li><span style=\"font-size: 12pt;\"><strong>Ch\u1ee9ng nh\u1eadn:<\/strong> CE<\/span><\/li>\n<li><span style=\"font-size: 12pt;\"><strong>Ng\u00f4n ng\u1eef h\u1ed7 tr\u1ee3:<\/strong> Ti\u1ebfng Anh, Trung, Nh\u1eadt, H\u00e0n<\/span><\/li>\n<li><span style=\"font-size: 12pt;\"><strong>Xu\u1ea5t x\u1ee9:<\/strong> M\u1ef9<\/span><\/li>\n<\/ul>\n<h3><span style=\"font-size: 12pt;\"><strong>T\u1ea1i sao n\u00ean ch\u1ecdn QIII SM\u2122?<\/strong><\/span><\/h3>\n<p><span style=\"font-size: 12pt;\">V\u1edbi <strong>QIII SM\u2122<\/strong>, doanh nghi\u1ec7p c\u00f3 th\u1ec3 ki\u1ec3m so\u00e1t ch\u1ea5t l\u01b0\u1ee3ng b\u1ec1 m\u1eb7t hi\u1ec7u qu\u1ea3 h\u01a1n, gi\u1ea3m thi\u1ec3u r\u1ee7i ro \u00f4 nhi\u1ec5m v\u00e0 t\u0103ng n\u0103ng su\u1ea5t s\u1ea3n xu\u1ea5t. \u0110\u00e2y l\u00e0 l\u1ef1a ch\u1ecdn l\u00fd t\u01b0\u1edfng cho c\u00e1c m\u00f4i tr\u01b0\u1eddng s\u1ea3n xu\u1ea5t y\u00eau c\u1ea7u \u0111\u1ed9 s\u1ea1ch cao nh\u01b0 <strong>b\u00e1n d\u1eabn, khoa h\u1ecdc \u0111\u1eddi s\u1ed1ng, v\u00e0 c\u00f4ng nghi\u1ec7p \u0111i\u1ec7n t\u1eed SMT<\/strong>.<\/span><\/p>\n<p><span style=\"font-size: 12pt;\"><strong>Li\u00ean h\u1ec7 ngay \u0111\u1ec3 bi\u1ebft th\u00eam th\u00f4ng tin v\u1ec1 QIII SM\u2122 v\u00e0 gi\u1ea3i ph\u00e1p ph\u00e1t hi\u1ec7n h\u1ea1t b\u1ec1 m\u1eb7t!<\/strong><\/span><\/p>\n","protected":false},"excerpt":{"rendered":"<p>M\u00e1y QIII SM\u2122 \u2013 M\u00e1y ph\u00e1t hi\u1ec7n h\u1ea1t b\u1ec1 m\u1eb7t 0.3-10\u00b5m, n\u00e2ng cao n\u0103ng su\u1ea5t v\u1edbi c\u00f4ng ngh\u1ec7 ti\u00ean ti\u1ebfn<\/p>\n","protected":false},"author":2,"featured_media":5271,"parent":0,"menu_order":0,"comment_status":"open","ping_status":"closed","template":"","meta":{"inline_featured_image":false,"footnotes":""},"service-category":[139],"service_tag":[],"class_list":["post-5264","product","type-product","status-publish","has-post-thumbnail","hentry","service-category-may-phat-hien-hat-be-mat"],"yoast_head":"<!-- This site is optimized with the Yoast SEO plugin v27.5 - https:\/\/yoast.com\/product\/yoast-seo-wordpress\/ -->\n<title>M\u00e1y QIII SM\u2122 - LORIOT INDUSTRIAL<\/title>\n<meta name=\"description\" content=\"M\u00e1y QIII SM\u2122 \u2013 M\u00e1y ph\u00e1t hi\u1ec7n h\u1ea1t b\u1ec1 m\u1eb7t 0.3-10\u00b5m gi\u00fap ki\u1ec3m so\u00e1t \u00f4 nhi\u1ec5m b\u1ec1 m\u1eb7t, c\u1ea3i thi\u1ec7n n\u0103ng su\u1ea5t, tu\u00e2n th\u1ee7 ISO 14644-9 &amp; t\u00edch h\u1ee3p SPC.\" \/>\n<meta name=\"robots\" content=\"index, follow, max-snippet:-1, max-image-preview:large, max-video-preview:-1\" \/>\n<link rel=\"canonical\" href=\"https:\/\/loriot.com.vn\/vi\/product\/qiii-sm\/\" \/>\n<meta property=\"og:locale\" content=\"vi_VN\" \/>\n<meta property=\"og:type\" content=\"article\" \/>\n<meta property=\"og:title\" content=\"M\u00e1y QIII SM\u2122 - LORIOT INDUSTRIAL\" \/>\n<meta property=\"og:description\" content=\"M\u00e1y QIII SM\u2122 \u2013 M\u00e1y ph\u00e1t hi\u1ec7n h\u1ea1t b\u1ec1 m\u1eb7t 0.3-10\u00b5m gi\u00fap ki\u1ec3m so\u00e1t \u00f4 nhi\u1ec5m b\u1ec1 m\u1eb7t, c\u1ea3i thi\u1ec7n n\u0103ng su\u1ea5t, tu\u00e2n th\u1ee7 ISO 14644-9 &amp; t\u00edch h\u1ee3p SPC.\" \/>\n<meta property=\"og:url\" content=\"https:\/\/loriot.com.vn\/vi\/product\/qiii-sm\/\" \/>\n<meta property=\"og:site_name\" content=\"LORIOT INDUSTRIAL\" \/>\n<meta property=\"article:publisher\" content=\"https:\/\/www.facebook.com\/Loriot-Industrial-COLTD-103044855046633\" \/>\n<meta property=\"article:modified_time\" content=\"2025-08-27T01:51:45+00:00\" \/>\n<meta property=\"og:image\" content=\"https:\/\/loriot.com.vn\/wp-content\/uploads\/2025\/02\/Untitled-1-01-1.png\" \/>\n\t<meta property=\"og:image:width\" content=\"3209\" \/>\n\t<meta property=\"og:image:height\" content=\"2138\" \/>\n\t<meta property=\"og:image:type\" content=\"image\/png\" \/>\n<meta name=\"twitter:card\" content=\"summary_large_image\" \/>\n<meta name=\"twitter:label1\" content=\"\u01af\u1edbc t\u00ednh th\u1eddi gian \u0111\u1ecdc\" \/>\n\t<meta name=\"twitter:data1\" content=\"3 ph\u00fat\" \/>\n<script type=\"application\/ld+json\" class=\"yoast-schema-graph\">{\"@context\":\"https:\\\/\\\/schema.org\",\"@graph\":[{\"@type\":\"WebPage\",\"@id\":\"https:\\\/\\\/loriot.com.vn\\\/vi\\\/product\\\/qiii-sm\\\/\",\"url\":\"https:\\\/\\\/loriot.com.vn\\\/vi\\\/product\\\/qiii-sm\\\/\",\"name\":\"M\u00e1y QIII SM\u2122 - LORIOT INDUSTRIAL\",\"isPartOf\":{\"@id\":\"https:\\\/\\\/loriot.com.vn\\\/#website\"},\"primaryImageOfPage\":{\"@id\":\"https:\\\/\\\/loriot.com.vn\\\/vi\\\/product\\\/qiii-sm\\\/#primaryimage\"},\"image\":{\"@id\":\"https:\\\/\\\/loriot.com.vn\\\/vi\\\/product\\\/qiii-sm\\\/#primaryimage\"},\"thumbnailUrl\":\"https:\\\/\\\/loriot.com.vn\\\/wp-content\\\/uploads\\\/2025\\\/02\\\/Untitled-1-01-1.png\",\"datePublished\":\"2025-02-04T09:38:12+00:00\",\"dateModified\":\"2025-08-27T01:51:45+00:00\",\"description\":\"M\u00e1y QIII SM\u2122 \u2013 M\u00e1y ph\u00e1t hi\u1ec7n h\u1ea1t b\u1ec1 m\u1eb7t 0.3-10\u00b5m gi\u00fap ki\u1ec3m so\u00e1t \u00f4 nhi\u1ec5m b\u1ec1 m\u1eb7t, c\u1ea3i thi\u1ec7n n\u0103ng su\u1ea5t, tu\u00e2n th\u1ee7 ISO 14644-9 & t\u00edch h\u1ee3p SPC.\",\"breadcrumb\":{\"@id\":\"https:\\\/\\\/loriot.com.vn\\\/vi\\\/product\\\/qiii-sm\\\/#breadcrumb\"},\"inLanguage\":\"vi\",\"potentialAction\":[{\"@type\":\"ReadAction\",\"target\":[\"https:\\\/\\\/loriot.com.vn\\\/vi\\\/product\\\/qiii-sm\\\/\"]}]},{\"@type\":\"ImageObject\",\"inLanguage\":\"vi\",\"@id\":\"https:\\\/\\\/loriot.com.vn\\\/vi\\\/product\\\/qiii-sm\\\/#primaryimage\",\"url\":\"https:\\\/\\\/loriot.com.vn\\\/wp-content\\\/uploads\\\/2025\\\/02\\\/Untitled-1-01-1.png\",\"contentUrl\":\"https:\\\/\\\/loriot.com.vn\\\/wp-content\\\/uploads\\\/2025\\\/02\\\/Untitled-1-01-1.png\",\"width\":3209,\"height\":2138,\"caption\":\"M\u00e1y QIII SM\u2122 \u2013 M\u00e1y ph\u00e1t hi\u1ec7n h\u1ea1t b\u1ec1 m\u1eb7t 0.3-10\u00b5m\"},{\"@type\":\"BreadcrumbList\",\"@id\":\"https:\\\/\\\/loriot.com.vn\\\/vi\\\/product\\\/qiii-sm\\\/#breadcrumb\",\"itemListElement\":[{\"@type\":\"ListItem\",\"position\":1,\"name\":\"Home\",\"item\":\"https:\\\/\\\/loriot.com.vn\\\/vi\\\/\"},{\"@type\":\"ListItem\",\"position\":2,\"name\":\"Products\",\"item\":\"https:\\\/\\\/loriot.com.vn\\\/vi\\\/product\\\/\"},{\"@type\":\"ListItem\",\"position\":3,\"name\":\"M\u00e1y QIII SM\u2122\"}]},{\"@type\":\"WebSite\",\"@id\":\"https:\\\/\\\/loriot.com.vn\\\/#website\",\"url\":\"https:\\\/\\\/loriot.com.vn\\\/\",\"name\":\"LORIOT INDUSTRIAL CO.,LTD\",\"description\":\"\",\"publisher\":{\"@id\":\"https:\\\/\\\/loriot.com.vn\\\/#organization\"},\"potentialAction\":[{\"@type\":\"SearchAction\",\"target\":{\"@type\":\"EntryPoint\",\"urlTemplate\":\"https:\\\/\\\/loriot.com.vn\\\/?s={search_term_string}\"},\"query-input\":{\"@type\":\"PropertyValueSpecification\",\"valueRequired\":true,\"valueName\":\"search_term_string\"}}],\"inLanguage\":\"vi\"},{\"@type\":\"Organization\",\"@id\":\"https:\\\/\\\/loriot.com.vn\\\/#organization\",\"name\":\"Loriot Industrial Co.,Ltd\",\"url\":\"https:\\\/\\\/loriot.com.vn\\\/\",\"logo\":{\"@type\":\"ImageObject\",\"inLanguage\":\"vi\",\"@id\":\"https:\\\/\\\/loriot.com.vn\\\/#\\\/schema\\\/logo\\\/image\\\/\",\"url\":\"https:\\\/\\\/loriot.com.vn\\\/wp-content\\\/uploads\\\/2021\\\/08\\\/logo-ft.png\",\"contentUrl\":\"https:\\\/\\\/loriot.com.vn\\\/wp-content\\\/uploads\\\/2021\\\/08\\\/logo-ft.png\",\"width\":333,\"height\":101,\"caption\":\"Loriot Industrial Co.,Ltd\"},\"image\":{\"@id\":\"https:\\\/\\\/loriot.com.vn\\\/#\\\/schema\\\/logo\\\/image\\\/\"},\"sameAs\":[\"https:\\\/\\\/www.facebook.com\\\/Loriot-Industrial-COLTD-103044855046633\"]}]}<\/script>\n<!-- \/ Yoast SEO plugin. -->","yoast_head_json":{"title":"M\u00e1y QIII SM\u2122 - LORIOT INDUSTRIAL","description":"M\u00e1y QIII SM\u2122 \u2013 M\u00e1y ph\u00e1t hi\u1ec7n h\u1ea1t b\u1ec1 m\u1eb7t 0.3-10\u00b5m gi\u00fap ki\u1ec3m so\u00e1t \u00f4 nhi\u1ec5m b\u1ec1 m\u1eb7t, c\u1ea3i thi\u1ec7n n\u0103ng su\u1ea5t, tu\u00e2n th\u1ee7 ISO 14644-9 & t\u00edch h\u1ee3p SPC.","robots":{"index":"index","follow":"follow","max-snippet":"max-snippet:-1","max-image-preview":"max-image-preview:large","max-video-preview":"max-video-preview:-1"},"canonical":"https:\/\/loriot.com.vn\/vi\/product\/qiii-sm\/","og_locale":"vi_VN","og_type":"article","og_title":"M\u00e1y QIII SM\u2122 - LORIOT INDUSTRIAL","og_description":"M\u00e1y QIII SM\u2122 \u2013 M\u00e1y ph\u00e1t hi\u1ec7n h\u1ea1t b\u1ec1 m\u1eb7t 0.3-10\u00b5m gi\u00fap ki\u1ec3m so\u00e1t \u00f4 nhi\u1ec5m b\u1ec1 m\u1eb7t, c\u1ea3i thi\u1ec7n n\u0103ng su\u1ea5t, tu\u00e2n th\u1ee7 ISO 14644-9 & t\u00edch h\u1ee3p SPC.","og_url":"https:\/\/loriot.com.vn\/vi\/product\/qiii-sm\/","og_site_name":"LORIOT INDUSTRIAL","article_publisher":"https:\/\/www.facebook.com\/Loriot-Industrial-COLTD-103044855046633","article_modified_time":"2025-08-27T01:51:45+00:00","og_image":[{"width":3209,"height":2138,"url":"https:\/\/loriot.com.vn\/wp-content\/uploads\/2025\/02\/Untitled-1-01-1.png","type":"image\/png"}],"twitter_card":"summary_large_image","twitter_misc":{"\u01af\u1edbc t\u00ednh th\u1eddi gian \u0111\u1ecdc":"3 ph\u00fat"},"schema":{"@context":"https:\/\/schema.org","@graph":[{"@type":"WebPage","@id":"https:\/\/loriot.com.vn\/vi\/product\/qiii-sm\/","url":"https:\/\/loriot.com.vn\/vi\/product\/qiii-sm\/","name":"M\u00e1y QIII SM\u2122 - LORIOT INDUSTRIAL","isPartOf":{"@id":"https:\/\/loriot.com.vn\/#website"},"primaryImageOfPage":{"@id":"https:\/\/loriot.com.vn\/vi\/product\/qiii-sm\/#primaryimage"},"image":{"@id":"https:\/\/loriot.com.vn\/vi\/product\/qiii-sm\/#primaryimage"},"thumbnailUrl":"https:\/\/loriot.com.vn\/wp-content\/uploads\/2025\/02\/Untitled-1-01-1.png","datePublished":"2025-02-04T09:38:12+00:00","dateModified":"2025-08-27T01:51:45+00:00","description":"M\u00e1y QIII SM\u2122 \u2013 M\u00e1y ph\u00e1t hi\u1ec7n h\u1ea1t b\u1ec1 m\u1eb7t 0.3-10\u00b5m gi\u00fap ki\u1ec3m so\u00e1t \u00f4 nhi\u1ec5m b\u1ec1 m\u1eb7t, c\u1ea3i thi\u1ec7n n\u0103ng su\u1ea5t, tu\u00e2n th\u1ee7 ISO 14644-9 & t\u00edch h\u1ee3p SPC.","breadcrumb":{"@id":"https:\/\/loriot.com.vn\/vi\/product\/qiii-sm\/#breadcrumb"},"inLanguage":"vi","potentialAction":[{"@type":"ReadAction","target":["https:\/\/loriot.com.vn\/vi\/product\/qiii-sm\/"]}]},{"@type":"ImageObject","inLanguage":"vi","@id":"https:\/\/loriot.com.vn\/vi\/product\/qiii-sm\/#primaryimage","url":"https:\/\/loriot.com.vn\/wp-content\/uploads\/2025\/02\/Untitled-1-01-1.png","contentUrl":"https:\/\/loriot.com.vn\/wp-content\/uploads\/2025\/02\/Untitled-1-01-1.png","width":3209,"height":2138,"caption":"M\u00e1y QIII SM\u2122 \u2013 M\u00e1y ph\u00e1t hi\u1ec7n h\u1ea1t b\u1ec1 m\u1eb7t 0.3-10\u00b5m"},{"@type":"BreadcrumbList","@id":"https:\/\/loriot.com.vn\/vi\/product\/qiii-sm\/#breadcrumb","itemListElement":[{"@type":"ListItem","position":1,"name":"Home","item":"https:\/\/loriot.com.vn\/vi\/"},{"@type":"ListItem","position":2,"name":"Products","item":"https:\/\/loriot.com.vn\/vi\/product\/"},{"@type":"ListItem","position":3,"name":"M\u00e1y QIII SM\u2122"}]},{"@type":"WebSite","@id":"https:\/\/loriot.com.vn\/#website","url":"https:\/\/loriot.com.vn\/","name":"LORIOT INDUSTRIAL CO.,LTD","description":"","publisher":{"@id":"https:\/\/loriot.com.vn\/#organization"},"potentialAction":[{"@type":"SearchAction","target":{"@type":"EntryPoint","urlTemplate":"https:\/\/loriot.com.vn\/?s={search_term_string}"},"query-input":{"@type":"PropertyValueSpecification","valueRequired":true,"valueName":"search_term_string"}}],"inLanguage":"vi"},{"@type":"Organization","@id":"https:\/\/loriot.com.vn\/#organization","name":"Loriot Industrial Co.,Ltd","url":"https:\/\/loriot.com.vn\/","logo":{"@type":"ImageObject","inLanguage":"vi","@id":"https:\/\/loriot.com.vn\/#\/schema\/logo\/image\/","url":"https:\/\/loriot.com.vn\/wp-content\/uploads\/2021\/08\/logo-ft.png","contentUrl":"https:\/\/loriot.com.vn\/wp-content\/uploads\/2021\/08\/logo-ft.png","width":333,"height":101,"caption":"Loriot Industrial Co.,Ltd"},"image":{"@id":"https:\/\/loriot.com.vn\/#\/schema\/logo\/image\/"},"sameAs":["https:\/\/www.facebook.com\/Loriot-Industrial-COLTD-103044855046633"]}]}},"_links":{"self":[{"href":"https:\/\/loriot.com.vn\/vi\/wp-json\/wp\/v2\/product\/5264","targetHints":{"allow":["GET"]}}],"collection":[{"href":"https:\/\/loriot.com.vn\/vi\/wp-json\/wp\/v2\/product"}],"about":[{"href":"https:\/\/loriot.com.vn\/vi\/wp-json\/wp\/v2\/types\/product"}],"author":[{"embeddable":true,"href":"https:\/\/loriot.com.vn\/vi\/wp-json\/wp\/v2\/users\/2"}],"replies":[{"embeddable":true,"href":"https:\/\/loriot.com.vn\/vi\/wp-json\/wp\/v2\/comments?post=5264"}],"version-history":[{"count":4,"href":"https:\/\/loriot.com.vn\/vi\/wp-json\/wp\/v2\/product\/5264\/revisions"}],"predecessor-version":[{"id":5635,"href":"https:\/\/loriot.com.vn\/vi\/wp-json\/wp\/v2\/product\/5264\/revisions\/5635"}],"wp:featuredmedia":[{"embeddable":true,"href":"https:\/\/loriot.com.vn\/vi\/wp-json\/wp\/v2\/media\/5271"}],"wp:attachment":[{"href":"https:\/\/loriot.com.vn\/vi\/wp-json\/wp\/v2\/media?parent=5264"}],"wp:term":[{"taxonomy":"service-category","embeddable":true,"href":"https:\/\/loriot.com.vn\/vi\/wp-json\/wp\/v2\/service-category?post=5264"},{"taxonomy":"service_tag","embeddable":true,"href":"https:\/\/loriot.com.vn\/vi\/wp-json\/wp\/v2\/service_tag?post=5264"}],"curies":[{"name":"wp","href":"https:\/\/api.w.org\/{rel}","templated":true}]}}