{"id":6303,"date":"2025-12-15T14:42:07","date_gmt":"2025-12-15T07:42:07","guid":{"rendered":"https:\/\/loriot.com.vn\/product\/evo-cam-halo-4k\/"},"modified":"2025-12-15T14:52:37","modified_gmt":"2025-12-15T07:52:37","slug":"evo-cam-halo","status":"publish","type":"product","link":"https:\/\/loriot.com.vn\/vi\/product\/evo-cam-halo\/","title":{"rendered":"EVO Cam HALO"},"content":{"rendered":"<h2 data-start=\"468\" data-end=\"530\"><span style=\"font-size: 12pt;\">EVO Cam HALO \u2013 K\u00ednh hi\u1ec3n vi s\u1ed1 4K gi\u00fap ki\u1ec3m tra d\u1ec5 d\u00e0ng h\u01a1n<\/span><\/h2>\n<p data-start=\"531\" data-end=\"884\"><span style=\"font-size: 12pt;\">EVO Cam HALO l\u00e0 k\u00ednh hi\u1ec3n vi s\u1ed1 4K \u0111\u01b0\u1ee3c thi\u1ebft k\u1ebf \u0111\u1ec3 \u0111\u01a1n gi\u1ea3n h\u00f3a c\u00e1c c\u00f4ng vi\u1ec7c ki\u1ec3m tra v\u00e0 \u0111o l\u01b0\u1eddng trong c\u00f4ng nghi\u1ec7p. V\u1edbi ch\u1ea5t l\u01b0\u1ee3ng h\u00ecnh \u1ea3nh Ultra HD v\u01b0\u1ee3t tr\u1ed9i k\u1ebft h\u1ee3p h\u1ec7 th\u1ed1ng chi\u1ebfu s\u00e1ng th\u00edch \u1ee9ng th\u00f4ng minh, EVO Cam HALO mang \u0111\u1ebfn \u0111\u1ed9 ch\u00ednh x\u00e1c cao v\u00e0 t\u00ednh linh ho\u1ea1t v\u01b0\u1ee3t tr\u1ed9i, \u0111\u00e1p \u1ee9ng nhu c\u1ea7u c\u1ee7a k\u1ef9 s\u01b0, k\u1ef9 thu\u1eadt vi\u00ean v\u00e0 b\u1ed9 ph\u1eadn ki\u1ec3m so\u00e1t ch\u1ea5t l\u01b0\u1ee3ng.<\/span><\/p>\n<h2 data-start=\"886\" data-end=\"931\"><span style=\"font-size: 12pt;\">H\u00ecnh \u1ea3nh 4K s\u1eafc n\u00e9t \u2013 chi ti\u1ebft g\u1ea5p b\u1ed1n l\u1ea7n<\/span><\/h2>\n<p data-start=\"932\" data-end=\"1242\"><span style=\"font-size: 12pt;\">C\u1ea3m bi\u1ebfn h\u00ecnh \u1ea3nh 4K c\u1ee7a EVO Cam HALO cung c\u1ea5p m\u1ee9c \u0111\u1ed9 chi ti\u1ebft cao g\u1ea5p b\u1ed1n l\u1ea7n so v\u1edbi camera Full HD, gi\u00fap quan s\u00e1t r\u00f5 r\u00e0ng c\u00e1c chi ti\u1ebft nh\u1ecf v\u00e0 c\u00e1c khu v\u1ef1c quan tr\u1ecdng tr\u00ean m\u1eabu ki\u1ec3m tra. C\u00f4ng ngh\u1ec7 d\u1ea3i \u0111\u1ed9ng cao gi\u00fap c\u00e2n b\u1eb1ng \u0111\u1ed9 s\u00e1ng v\u00e0 \u0111\u1ed9 t\u01b0\u01a1ng ph\u1ea3n, \u0111\u1ea3m b\u1ea3o kh\u00f4ng b\u1ecf s\u00f3t chi ti\u1ebft trong c\u1ea3 v\u00f9ng s\u00e1ng v\u00e0 v\u00f9ng t\u1ed1i.<\/span><\/p>\n<h2 data-start=\"1244\" data-end=\"1293\"><span style=\"font-size: 12pt;\">Linh ho\u1ea1t c\u1ea5u h\u00ecnh \u2013 t\u1ed1i \u01b0u quy tr\u00ecnh ki\u1ec3m tra<\/span><\/h2>\n<p data-start=\"1294\" data-end=\"1593\"><span style=\"font-size: 12pt;\">EVO Cam HALO cho ph\u00e9p ng\u01b0\u1eddi d\u00f9ng t\u00f9y ch\u1ec9nh c\u1ea5u h\u00ecnh \u0111\u1ec3 ph\u00f9 h\u1ee3p v\u1edbi t\u1eebng y\u00eau c\u1ea7u ki\u1ec3m tra c\u1ee5 th\u1ec3. H\u1ec7 th\u1ed1ng h\u1ed7 tr\u1ee3 chia s\u1ebb nhanh h\u00ecnh \u1ea3nh 4K, video v\u00e0 b\u00e1o c\u00e1o qua m\u1ea1ng n\u1ed9i b\u1ed9, gi\u00fap vi\u1ec7c trao \u0111\u1ed5i th\u00f4ng tin v\u1edbi \u0111\u1ed3ng nghi\u1ec7p, kh\u00e1ch h\u00e0ng, nh\u00e0 cung c\u1ea5p ho\u1eb7c \u0111\u01a1n v\u1ecb ki\u1ec3m \u0111\u1ecbnh tr\u1edf n\u00ean nhanh ch\u00f3ng v\u00e0 hi\u1ec7u qu\u1ea3.<\/span><\/p>\n<h3 data-start=\"1595\" data-end=\"1633\"><span style=\"font-size: 12pt;\">T\u00ednh n\u0103ng n\u1ed5i b\u1eadt c\u1ee7a EVO Cam HALO<\/span><\/h3>\n<p data-start=\"1634\" data-end=\"2110\"><span style=\"font-size: 12pt;\">\ud83d\udee0\ufe0f K\u00ednh hi\u1ec3n vi s\u1ed1 4K Ultra HD cho ki\u1ec3m tra v\u00e0 \u0111o l\u01b0\u1eddng ch\u00ednh x\u00e1c<\/span><br data-start=\"1700\" data-end=\"1703\" \/><span style=\"font-size: 12pt;\">\ud83d\udee0\ufe0f T\u00ednh n\u0103ng Auto Lens ID th\u00f4ng minh, t\u1ef1 \u0111\u1ed9ng hi\u1ec3n th\u1ecb \u0111\u1ed9 ph\u00f3ng \u0111\u1ea1i ch\u00ednh x\u00e1c<\/span><br data-start=\"1781\" data-end=\"1784\" \/><span style=\"font-size: 12pt;\">\ud83d\udee0\ufe0f D\u1ea3i zoom r\u1ed9ng, c\u1ea3i thi\u1ec7n \u0111\u1ed9 s\u00e1ng v\u00e0 \u0111\u1ed9 t\u01b0\u01a1ng ph\u1ea3n h\u00ecnh \u1ea3nh<\/span><br data-start=\"1846\" data-end=\"1849\" \/><span style=\"font-size: 12pt;\">\ud83d\udee0\ufe0f T\u1ef7 l\u1ec7 zoom 20:1, d\u1ea3i ph\u00f3ng \u0111\u1ea1i t\u1eeb 0,84x \u0111\u1ebfn 468x (tr\u00ean m\u00e0n h\u00ecnh 27\u2033)<\/span><br data-start=\"1921\" data-end=\"1924\" \/><span style=\"font-size: 12pt;\">\ud83d\udee0\ufe0f \u0110i\u1ec1u khi\u1ec3n chi\u1ebfu s\u00e1ng linh ho\u1ea1t t\u1eeb ph\u00eda tr\u00ean v\u00e0 ph\u00eda d\u01b0\u1edbi<\/span><br data-start=\"1985\" data-end=\"1988\" \/><span style=\"font-size: 12pt;\">\ud83d\udee0\ufe0f Ch\u1ebf \u0111\u1ed9 quan s\u00e1t Oblique v\u00e0 Direct 360\u00b0 (ODV)<\/span><br data-start=\"2036\" data-end=\"2039\" \/><span style=\"font-size: 12pt;\">\ud83d\udee0\ufe0f Ba c\u1ea5u h\u00ecnh preset c\u00f3 th\u1ec3 t\u00f9y ch\u1ec9nh cho thao t\u00e1c nhanh v\u00e0 l\u1eb7p l\u1ea1i<\/span><\/p>\n<h2 data-start=\"2112\" data-end=\"2166\"><span style=\"font-size: 12pt;\">Chi\u1ebfu s\u00e1ng th\u00f4ng minh v\u00e0 nh\u1eadn di\u1ec7n \u1ed1ng k\u00ednh t\u1ef1 \u0111\u1ed9ng<\/span><\/h2>\n<p data-start=\"2167\" data-end=\"2541\"><span style=\"font-size: 12pt;\">EVO Cam HALO \u0111\u01b0\u1ee3c trang b\u1ecb ng\u00e0m \u1ed1ng k\u00ednh th\u00f4ng minh v\u1edbi Auto Lens ID, t\u1ef1 \u0111\u1ed9ng nh\u1eadn di\u1ec7n \u1ed1ng k\u00ednh v\u00e0 \u0111i\u1ec1u ch\u1ec9nh hi\u1ec3n th\u1ecb \u0111\u1ed9 ph\u00f3ng \u0111\u1ea1i, gi\u00fap \u0111\u1ea3m b\u1ea3o k\u1ebft qu\u1ea3 ki\u1ec3m tra ch\u00ednh x\u00e1c v\u00e0 nh\u1ea5t qu\u00e1n. H\u1ec7 th\u1ed1ng \u0111\u00e8n v\u00f2ng quick-clip cho ph\u00e9p g\u1eafn v\u00e0 thay \u0111\u1ed5i nhanh c\u00e1c lo\u1ea1i \u0111\u00e8n chi\u1ebfu s\u00e1ng, t\u1ef1 \u0111\u1ed9ng l\u01b0u v\u00e0 g\u1ecdi l\u1ea1i c\u00e0i \u0111\u1eb7t khi k\u1ebft n\u1ed1i, h\u1ed7 tr\u1ee3 ki\u1ec3m tra hi\u1ec7u qu\u1ea3 trong nhi\u1ec1u \u0111i\u1ec1u ki\u1ec7n kh\u00e1c nhau.<\/span><\/p>\n<h2 data-start=\"2543\" data-end=\"2589\"><span style=\"font-size: 12pt;\">\u0110o l\u01b0\u1eddng, ph\u00e2n t\u00edch v\u00e0 l\u1eadp b\u00e1o c\u00e1o hi\u1ec7u qu\u1ea3<\/span><\/h2>\n<p data-start=\"2590\" data-end=\"2941\"><span style=\"font-size: 12pt;\">Khi k\u1ebft h\u1ee3p v\u1edbi ph\u1ea7n m\u1ec1m ViPlus, EVO Cam HALO cung c\u1ea5p th\u00f4ng tin ph\u00e2n t\u00edch theo th\u1eddi gian th\u1ef1c, h\u1ed7 tr\u1ee3 ph\u00e1t hi\u1ec7n c\u00e1c b\u1ea5t th\u01b0\u1eddng v\u00e0 xu h\u01b0\u1edbng kh\u00f3 nh\u1eadn th\u1ea5y b\u1eb1ng m\u1eaft th\u01b0\u1eddng. C\u00e1c c\u00f4ng c\u1ee5 ch\u1ee5p \u1ea3nh, \u0111o l\u01b0\u1eddng v\u00e0 ph\u00e2n t\u00edch tr\u1ef1c quan gi\u00fap \u0111\u01b0a ra k\u1ebft qu\u1ea3 ch\u00ednh x\u00e1c, h\u1ed7 tr\u1ee3 ra quy\u1ebft \u0111\u1ecbnh nhanh v\u00e0 d\u1ef1a tr\u00ean d\u1eef li\u1ec7u, \u0111\u1ed3ng th\u1eddi n\u00e2ng cao hi\u1ec7u qu\u1ea3 quy tr\u00ecnh l\u00e0m vi\u1ec7c.<\/span><\/p>\n<h2 data-start=\"2943\" data-end=\"2992\"><span style=\"font-size: 12pt;\">N\u00e2ng cao kh\u1ea3 n\u0103ng ki\u1ec3m tra v\u1edbi ch\u1ebf \u0111\u1ed9 ODV 360\u00b0<\/span><\/h2>\n<p data-start=\"2993\" data-end=\"3285\"><span style=\"font-size: 12pt;\">Ch\u1ebf \u0111\u1ed9 Oblique v\u00e0 Direct Viewer 360\u00b0 cho ph\u00e9p chuy\u1ec3n \u0111\u1ed5i linh ho\u1ea1t gi\u1eefa g\u00f3c nh\u00ecn tr\u1ef1c di\u1ec7n v\u00e0 g\u00f3c nghi\u00eang 34\u00b0, \u0111\u1ed3ng th\u1eddi xoay quanh \u0111\u1ed1i t\u01b0\u1ee3ng ki\u1ec3m tra. T\u00ednh n\u0103ng n\u00e0y \u0111\u1eb7c bi\u1ec7t h\u1eefu \u00edch khi ki\u1ec3m tra m\u1ed1i n\u1ed1i, giao \u0111i\u1ec3m, linh ki\u1ec7n nh\u00f4 cao v\u00e0 b\u00ean trong l\u1ed7, gi\u00fap \u0111\u00e1nh gi\u00e1 m\u1eabu m\u1ed9t c\u00e1ch to\u00e0n di\u1ec7n h\u01a1n.<\/span><\/p>\n<p data-start=\"3287\" data-end=\"3441\" data-is-last-node=\"\" data-is-only-node=\"\"><span style=\"font-size: 12pt;\"><strong data-start=\"3287\" data-end=\"3294\">CTA<\/strong><\/span><br data-start=\"3294\" data-end=\"3297\" \/><span style=\"font-size: 12pt;\">Li\u00ean h\u1ec7 ngay \u0111\u1ec3 t\u00ecm hi\u1ec3u th\u00eam v\u1ec1 EVO Cam HALO v\u00e0 gi\u1ea3i ph\u00e1p k\u00ednh hi\u1ec3n vi s\u1ed1 4K gi\u00fap n\u00e2ng cao \u0111\u1ed9 ch\u00ednh x\u00e1c v\u00e0 hi\u1ec7u qu\u1ea3 ki\u1ec3m tra trong c\u00f4ng nghi\u1ec7p.<\/span><\/p>\n","protected":false},"excerpt":{"rendered":"<p>EVO Cam HALO \u2013 K\u00ednh hi\u1ec3n vi s\u1ed1 4K gi\u00fap ki\u1ec3m tra d\u1ec5 d\u00e0ng h\u01a1n. EVO Cam HALO l\u00e0 k\u00ednh hi\u1ec3n vi s\u1ed1 4K \u0111\u01b0\u1ee3c thi\u1ebft k\u1ebf \u0111\u1ec3 \u0111\u01a1n gi\u1ea3n<\/p>\n","protected":false},"author":2,"featured_media":6295,"parent":0,"menu_order":0,"comment_status":"open","ping_status":"closed","template":"","meta":{"inline_featured_image":false,"footnotes":""},"service-category":[86],"service_tag":[],"class_list":["post-6303","product","type-product","status-publish","has-post-thumbnail","hentry","service-category-kinh-hien-vi-quang-hoc"],"yoast_head":"<!-- This site is optimized with the Yoast SEO plugin v27.4 - https:\/\/yoast.com\/product\/yoast-seo-wordpress\/ -->\n<title>EVO Cam HALO - LORIOT INDUSTRIAL<\/title>\n<meta name=\"description\" content=\"EVO Cam HALO 4K digital microscope delivers UHD imaging, intelligent Auto Lens ID and advanced illumination for precise inspection.\" \/>\n<meta name=\"robots\" content=\"index, follow, max-snippet:-1, max-image-preview:large, max-video-preview:-1\" \/>\n<link rel=\"canonical\" href=\"https:\/\/loriot.com.vn\/vi\/product\/evo-cam-halo\/\" \/>\n<meta property=\"og:locale\" content=\"vi_VN\" \/>\n<meta property=\"og:type\" content=\"article\" \/>\n<meta property=\"og:title\" content=\"EVO Cam HALO - LORIOT INDUSTRIAL\" \/>\n<meta property=\"og:description\" content=\"EVO Cam HALO 4K digital microscope delivers UHD imaging, intelligent Auto Lens ID and advanced illumination for precise inspection.\" \/>\n<meta property=\"og:url\" content=\"https:\/\/loriot.com.vn\/vi\/product\/evo-cam-halo\/\" \/>\n<meta property=\"og:site_name\" content=\"LORIOT INDUSTRIAL\" \/>\n<meta property=\"article:publisher\" content=\"https:\/\/www.facebook.com\/Loriot-Industrial-COLTD-103044855046633\" \/>\n<meta property=\"article:modified_time\" content=\"2025-12-15T07:52:37+00:00\" \/>\n<meta property=\"og:image\" content=\"https:\/\/loriot.com.vn\/wp-content\/uploads\/2025\/12\/halo-product-scaled.png\" \/>\n\t<meta property=\"og:image:width\" content=\"2560\" \/>\n\t<meta property=\"og:image:height\" content=\"1797\" \/>\n\t<meta property=\"og:image:type\" content=\"image\/png\" \/>\n<meta name=\"twitter:card\" content=\"summary_large_image\" \/>\n<meta name=\"twitter:label1\" content=\"\u01af\u1edbc t\u00ednh th\u1eddi gian \u0111\u1ecdc\" \/>\n\t<meta name=\"twitter:data1\" content=\"4 ph\u00fat\" \/>\n<script type=\"application\/ld+json\" class=\"yoast-schema-graph\">{\"@context\":\"https:\\\/\\\/schema.org\",\"@graph\":[{\"@type\":\"WebPage\",\"@id\":\"https:\\\/\\\/loriot.com.vn\\\/vi\\\/product\\\/evo-cam-halo\\\/\",\"url\":\"https:\\\/\\\/loriot.com.vn\\\/vi\\\/product\\\/evo-cam-halo\\\/\",\"name\":\"EVO Cam HALO - LORIOT INDUSTRIAL\",\"isPartOf\":{\"@id\":\"https:\\\/\\\/loriot.com.vn\\\/#website\"},\"primaryImageOfPage\":{\"@id\":\"https:\\\/\\\/loriot.com.vn\\\/vi\\\/product\\\/evo-cam-halo\\\/#primaryimage\"},\"image\":{\"@id\":\"https:\\\/\\\/loriot.com.vn\\\/vi\\\/product\\\/evo-cam-halo\\\/#primaryimage\"},\"thumbnailUrl\":\"https:\\\/\\\/loriot.com.vn\\\/wp-content\\\/uploads\\\/2025\\\/12\\\/halo-product-scaled.png\",\"datePublished\":\"2025-12-15T07:42:07+00:00\",\"dateModified\":\"2025-12-15T07:52:37+00:00\",\"description\":\"EVO Cam HALO 4K digital microscope delivers UHD imaging, intelligent Auto Lens ID and advanced illumination for precise inspection.\",\"breadcrumb\":{\"@id\":\"https:\\\/\\\/loriot.com.vn\\\/vi\\\/product\\\/evo-cam-halo\\\/#breadcrumb\"},\"inLanguage\":\"vi\",\"potentialAction\":[{\"@type\":\"ReadAction\",\"target\":[\"https:\\\/\\\/loriot.com.vn\\\/vi\\\/product\\\/evo-cam-halo\\\/\"]}]},{\"@type\":\"ImageObject\",\"inLanguage\":\"vi\",\"@id\":\"https:\\\/\\\/loriot.com.vn\\\/vi\\\/product\\\/evo-cam-halo\\\/#primaryimage\",\"url\":\"https:\\\/\\\/loriot.com.vn\\\/wp-content\\\/uploads\\\/2025\\\/12\\\/halo-product-scaled.png\",\"contentUrl\":\"https:\\\/\\\/loriot.com.vn\\\/wp-content\\\/uploads\\\/2025\\\/12\\\/halo-product-scaled.png\",\"width\":2560,\"height\":1797,\"caption\":\"EVO Cam HALO\"},{\"@type\":\"BreadcrumbList\",\"@id\":\"https:\\\/\\\/loriot.com.vn\\\/vi\\\/product\\\/evo-cam-halo\\\/#breadcrumb\",\"itemListElement\":[{\"@type\":\"ListItem\",\"position\":1,\"name\":\"Home\",\"item\":\"https:\\\/\\\/loriot.com.vn\\\/vi\\\/\"},{\"@type\":\"ListItem\",\"position\":2,\"name\":\"Products\",\"item\":\"https:\\\/\\\/loriot.com.vn\\\/product\\\/\"},{\"@type\":\"ListItem\",\"position\":3,\"name\":\"EVO Cam HALO\"}]},{\"@type\":\"WebSite\",\"@id\":\"https:\\\/\\\/loriot.com.vn\\\/#website\",\"url\":\"https:\\\/\\\/loriot.com.vn\\\/\",\"name\":\"LORIOT INDUSTRIAL CO.,LTD\",\"description\":\"\",\"publisher\":{\"@id\":\"https:\\\/\\\/loriot.com.vn\\\/#organization\"},\"potentialAction\":[{\"@type\":\"SearchAction\",\"target\":{\"@type\":\"EntryPoint\",\"urlTemplate\":\"https:\\\/\\\/loriot.com.vn\\\/?s={search_term_string}\"},\"query-input\":{\"@type\":\"PropertyValueSpecification\",\"valueRequired\":true,\"valueName\":\"search_term_string\"}}],\"inLanguage\":\"vi\"},{\"@type\":\"Organization\",\"@id\":\"https:\\\/\\\/loriot.com.vn\\\/#organization\",\"name\":\"Loriot Industrial Co.,Ltd\",\"url\":\"https:\\\/\\\/loriot.com.vn\\\/\",\"logo\":{\"@type\":\"ImageObject\",\"inLanguage\":\"vi\",\"@id\":\"https:\\\/\\\/loriot.com.vn\\\/#\\\/schema\\\/logo\\\/image\\\/\",\"url\":\"https:\\\/\\\/loriot.com.vn\\\/wp-content\\\/uploads\\\/2021\\\/08\\\/logo-ft.png\",\"contentUrl\":\"https:\\\/\\\/loriot.com.vn\\\/wp-content\\\/uploads\\\/2021\\\/08\\\/logo-ft.png\",\"width\":333,\"height\":101,\"caption\":\"Loriot Industrial Co.,Ltd\"},\"image\":{\"@id\":\"https:\\\/\\\/loriot.com.vn\\\/#\\\/schema\\\/logo\\\/image\\\/\"},\"sameAs\":[\"https:\\\/\\\/www.facebook.com\\\/Loriot-Industrial-COLTD-103044855046633\"]}]}<\/script>\n<!-- \/ Yoast SEO plugin. -->","yoast_head_json":{"title":"EVO Cam HALO - LORIOT INDUSTRIAL","description":"EVO Cam HALO 4K digital microscope delivers UHD imaging, intelligent Auto Lens ID and advanced illumination for precise inspection.","robots":{"index":"index","follow":"follow","max-snippet":"max-snippet:-1","max-image-preview":"max-image-preview:large","max-video-preview":"max-video-preview:-1"},"canonical":"https:\/\/loriot.com.vn\/vi\/product\/evo-cam-halo\/","og_locale":"vi_VN","og_type":"article","og_title":"EVO Cam HALO - LORIOT INDUSTRIAL","og_description":"EVO Cam HALO 4K digital microscope delivers UHD imaging, intelligent Auto Lens ID and advanced illumination for precise inspection.","og_url":"https:\/\/loriot.com.vn\/vi\/product\/evo-cam-halo\/","og_site_name":"LORIOT INDUSTRIAL","article_publisher":"https:\/\/www.facebook.com\/Loriot-Industrial-COLTD-103044855046633","article_modified_time":"2025-12-15T07:52:37+00:00","og_image":[{"width":2560,"height":1797,"url":"https:\/\/loriot.com.vn\/wp-content\/uploads\/2025\/12\/halo-product-scaled.png","type":"image\/png"}],"twitter_card":"summary_large_image","twitter_misc":{"\u01af\u1edbc t\u00ednh th\u1eddi gian \u0111\u1ecdc":"4 ph\u00fat"},"schema":{"@context":"https:\/\/schema.org","@graph":[{"@type":"WebPage","@id":"https:\/\/loriot.com.vn\/vi\/product\/evo-cam-halo\/","url":"https:\/\/loriot.com.vn\/vi\/product\/evo-cam-halo\/","name":"EVO Cam HALO - LORIOT INDUSTRIAL","isPartOf":{"@id":"https:\/\/loriot.com.vn\/#website"},"primaryImageOfPage":{"@id":"https:\/\/loriot.com.vn\/vi\/product\/evo-cam-halo\/#primaryimage"},"image":{"@id":"https:\/\/loriot.com.vn\/vi\/product\/evo-cam-halo\/#primaryimage"},"thumbnailUrl":"https:\/\/loriot.com.vn\/wp-content\/uploads\/2025\/12\/halo-product-scaled.png","datePublished":"2025-12-15T07:42:07+00:00","dateModified":"2025-12-15T07:52:37+00:00","description":"EVO Cam HALO 4K digital microscope delivers UHD imaging, intelligent Auto Lens ID and advanced illumination for precise inspection.","breadcrumb":{"@id":"https:\/\/loriot.com.vn\/vi\/product\/evo-cam-halo\/#breadcrumb"},"inLanguage":"vi","potentialAction":[{"@type":"ReadAction","target":["https:\/\/loriot.com.vn\/vi\/product\/evo-cam-halo\/"]}]},{"@type":"ImageObject","inLanguage":"vi","@id":"https:\/\/loriot.com.vn\/vi\/product\/evo-cam-halo\/#primaryimage","url":"https:\/\/loriot.com.vn\/wp-content\/uploads\/2025\/12\/halo-product-scaled.png","contentUrl":"https:\/\/loriot.com.vn\/wp-content\/uploads\/2025\/12\/halo-product-scaled.png","width":2560,"height":1797,"caption":"EVO Cam HALO"},{"@type":"BreadcrumbList","@id":"https:\/\/loriot.com.vn\/vi\/product\/evo-cam-halo\/#breadcrumb","itemListElement":[{"@type":"ListItem","position":1,"name":"Home","item":"https:\/\/loriot.com.vn\/vi\/"},{"@type":"ListItem","position":2,"name":"Products","item":"https:\/\/loriot.com.vn\/product\/"},{"@type":"ListItem","position":3,"name":"EVO Cam HALO"}]},{"@type":"WebSite","@id":"https:\/\/loriot.com.vn\/#website","url":"https:\/\/loriot.com.vn\/","name":"LORIOT INDUSTRIAL CO.,LTD","description":"","publisher":{"@id":"https:\/\/loriot.com.vn\/#organization"},"potentialAction":[{"@type":"SearchAction","target":{"@type":"EntryPoint","urlTemplate":"https:\/\/loriot.com.vn\/?s={search_term_string}"},"query-input":{"@type":"PropertyValueSpecification","valueRequired":true,"valueName":"search_term_string"}}],"inLanguage":"vi"},{"@type":"Organization","@id":"https:\/\/loriot.com.vn\/#organization","name":"Loriot Industrial Co.,Ltd","url":"https:\/\/loriot.com.vn\/","logo":{"@type":"ImageObject","inLanguage":"vi","@id":"https:\/\/loriot.com.vn\/#\/schema\/logo\/image\/","url":"https:\/\/loriot.com.vn\/wp-content\/uploads\/2021\/08\/logo-ft.png","contentUrl":"https:\/\/loriot.com.vn\/wp-content\/uploads\/2021\/08\/logo-ft.png","width":333,"height":101,"caption":"Loriot Industrial Co.,Ltd"},"image":{"@id":"https:\/\/loriot.com.vn\/#\/schema\/logo\/image\/"},"sameAs":["https:\/\/www.facebook.com\/Loriot-Industrial-COLTD-103044855046633"]}]}},"_links":{"self":[{"href":"https:\/\/loriot.com.vn\/vi\/wp-json\/wp\/v2\/product\/6303","targetHints":{"allow":["GET"]}}],"collection":[{"href":"https:\/\/loriot.com.vn\/vi\/wp-json\/wp\/v2\/product"}],"about":[{"href":"https:\/\/loriot.com.vn\/vi\/wp-json\/wp\/v2\/types\/product"}],"author":[{"embeddable":true,"href":"https:\/\/loriot.com.vn\/vi\/wp-json\/wp\/v2\/users\/2"}],"replies":[{"embeddable":true,"href":"https:\/\/loriot.com.vn\/vi\/wp-json\/wp\/v2\/comments?post=6303"}],"version-history":[{"count":4,"href":"https:\/\/loriot.com.vn\/vi\/wp-json\/wp\/v2\/product\/6303\/revisions"}],"predecessor-version":[{"id":6307,"href":"https:\/\/loriot.com.vn\/vi\/wp-json\/wp\/v2\/product\/6303\/revisions\/6307"}],"wp:featuredmedia":[{"embeddable":true,"href":"https:\/\/loriot.com.vn\/vi\/wp-json\/wp\/v2\/media\/6295"}],"wp:attachment":[{"href":"https:\/\/loriot.com.vn\/vi\/wp-json\/wp\/v2\/media?parent=6303"}],"wp:term":[{"taxonomy":"service-category","embeddable":true,"href":"https:\/\/loriot.com.vn\/vi\/wp-json\/wp\/v2\/service-category?post=6303"},{"taxonomy":"service_tag","embeddable":true,"href":"https:\/\/loriot.com.vn\/vi\/wp-json\/wp\/v2\/service_tag?post=6303"}],"curies":[{"name":"wp","href":"https:\/\/api.w.org\/{rel}","templated":true}]}}